{"id":251,"date":"2024-01-27T23:48:21","date_gmt":"2024-01-27T23:48:21","guid":{"rendered":"https:\/\/ciclovital.com.co\/?page_id=251"},"modified":"2024-02-28T18:54:07","modified_gmt":"2024-02-28T18:54:07","slug":"servicio-de-acompanamiento","status":"publish","type":"page","link":"https:\/\/ciclovital.com.co\/index.php\/servicio-de-acompanamiento\/","title":{"rendered":"Servicio de acompa\u00f1amiento"},"content":{"rendered":"\t\t<div data-elementor-type=\"wp-page\" data-elementor-id=\"251\" class=\"elementor elementor-251\">\n\t\t\t\t<div class=\"elementor-element elementor-element-25a8cae7 e-flex e-con-boxed e-con e-parent\" data-id=\"25a8cae7\" data-element_type=\"container\">\n\t\t\t\t\t<div class=\"e-con-inner\">\n\t\t<div class=\"elementor-element elementor-element-1163c694 e-con-full e-flex e-con e-child\" data-id=\"1163c694\" data-element_type=\"container\">\n\t\t\t\t<div class=\"elementor-element elementor-element-37455a3 elementor-invisible elementor-widget elementor-widget-heading\" data-id=\"37455a3\" data-element_type=\"widget\" data-settings=\"{&quot;_animation&quot;:&quot;fadeIn&quot;}\" data-widget_type=\"heading.default\">\n\t\t\t\t<div class=\"elementor-widget-container\">\n\t\t\t\t\t<h1 class=\"elementor-heading-title elementor-size-default\">Nuestros Servicios<\/h1>\t\t\t\t<\/div>\n\t\t\t\t<\/div>\n\t\t\t\t<div class=\"elementor-element elementor-element-3b43db54 elementor-invisible elementor-widget elementor-widget-heading\" data-id=\"3b43db54\" data-element_type=\"widget\" data-settings=\"{&quot;_animation&quot;:&quot;fadeIn&quot;,&quot;_animation_delay&quot;:400}\" data-widget_type=\"heading.default\">\n\t\t\t\t<div class=\"elementor-widget-container\">\n\t\t\t\t\t<h2 class=\"elementor-heading-title elementor-size-default\">CicloVital Acompa\u00f1ando vidas<\/h2>\t\t\t\t<\/div>\n\t\t\t\t<\/div>\n\t\t\t\t<\/div>\n\t\t\t\t\t<\/div>\n\t\t\t\t<\/div>\n\t\t<div class=\"elementor-element elementor-element-a374a2a e-flex e-con-boxed e-con e-parent\" data-id=\"a374a2a\" data-element_type=\"container\">\n\t\t\t\t\t<div class=\"e-con-inner\">\n\t\t<div class=\"elementor-element elementor-element-dca724d e-con-full e-flex e-con e-child\" data-id=\"dca724d\" data-element_type=\"container\">\n\t\t<div class=\"elementor-element elementor-element-de6c7cc e-con-full e-flex e-con e-child\" data-id=\"de6c7cc\" data-element_type=\"container\" data-settings=\"{&quot;background_background&quot;:&quot;classic&quot;}\">\n\t\t\t\t<div class=\"elementor-element elementor-element-6616740 elementor-widget elementor-widget-image\" data-id=\"6616740\" data-element_type=\"widget\" data-widget_type=\"image.default\">\n\t\t\t\t<div class=\"elementor-widget-container\">\n\t\t\t\t\t\t\t\t\t\t\t\t\t\t\t<img fetchpriority=\"high\" decoding=\"async\" width=\"640\" height=\"640\" src=\"https:\/\/ciclovital.com.co\/wp-content\/uploads\/2024\/01\/9-1024x1024.png\" class=\"attachment-large size-large wp-image-87\" alt=\"\" srcset=\"https:\/\/ciclovital.com.co\/wp-content\/uploads\/2024\/01\/9-1024x1024.png 1024w, https:\/\/ciclovital.com.co\/wp-content\/uploads\/2024\/01\/9-300x300.png 300w, https:\/\/ciclovital.com.co\/wp-content\/uploads\/2024\/01\/9-150x150.png 150w, https:\/\/ciclovital.com.co\/wp-content\/uploads\/2024\/01\/9-768x768.png 768w, https:\/\/ciclovital.com.co\/wp-content\/uploads\/2024\/01\/9-500x500.png 500w, https:\/\/ciclovital.com.co\/wp-content\/uploads\/2024\/01\/9.png 1080w\" sizes=\"(max-width: 640px) 100vw, 640px\" \/>\t\t\t\t\t\t\t\t\t\t\t\t\t\t\t<\/div>\n\t\t\t\t<\/div>\n\t\t\t\t<\/div>\n\t\t<div class=\"elementor-element elementor-element-eb87407 e-con-full e-flex e-con e-child\" data-id=\"eb87407\" data-element_type=\"container\">\n\t\t\t\t<div class=\"elementor-element elementor-element-8fe6603 elementor-widget elementor-widget-heading\" data-id=\"8fe6603\" data-element_type=\"widget\" data-widget_type=\"heading.default\">\n\t\t\t\t<div class=\"elementor-widget-container\">\n\t\t\t\t\t<h2 class=\"elementor-heading-title elementor-size-default\">Compa\u00f1\u00eda en Procedimientos M\u00e9dicos<\/h2>\t\t\t\t<\/div>\n\t\t\t\t<\/div>\n\t\t\t\t<div class=\"elementor-element elementor-element-cc2a407 elementor-widget-divider--view-line elementor-widget elementor-widget-divider\" data-id=\"cc2a407\" data-element_type=\"widget\" data-widget_type=\"divider.default\">\n\t\t\t\t<div class=\"elementor-widget-container\">\n\t\t\t\t\t\t\t<div class=\"elementor-divider\">\n\t\t\t<span class=\"elementor-divider-separator\">\n\t\t\t\t\t\t<\/span>\n\t\t<\/div>\n\t\t\t\t\t\t<\/div>\n\t\t\t\t<\/div>\n\t\t\t\t<div class=\"elementor-element elementor-element-c7363e3 elementor-widget elementor-widget-text-editor\" data-id=\"c7363e3\" data-element_type=\"widget\" data-widget_type=\"text-editor.default\">\n\t\t\t\t<div class=\"elementor-widget-container\">\n\t\t\t\t\t\t\t\t\t<p>Un servicio de compa\u00f1\u00eda para procedimientos m\u00e9dicos es un tipo de asistencia que proporciona apoyo emocional y compa\u00f1\u00eda a personas que necesitan someterse a procedimientos m\u00e9dicos, ya sea en el hogar o en un entorno m\u00e9dico como un hospital o una cl\u00ednica. \u00a0<span style=\"font-family: var( --e-global-typography-text-font-family ), Sans-serif; font-size: var( --e-global-typography-text-font-size ); font-style: var( --e-global-typography-text-font-style ); letter-spacing: var( --e-global-typography-text-letter-spacing ); text-align: var(--text-align); text-transform: var( --e-global-typography-text-text-transform ); text-decoration: var( --e-global-typography-text-text-decoration );\">Algunos de los aspectos que \u00a0incluye este servicio de compa\u00f1\u00eda para procedimientos m\u00e9dicos son:<\/span><\/p><ul><li><span style=\"font-family: var( --e-global-typography-text-font-family ), Sans-serif; font-size: var( --e-global-typography-text-font-size ); font-style: var( --e-global-typography-text-font-style ); letter-spacing: var( --e-global-typography-text-letter-spacing ); text-transform: var( --e-global-typography-text-text-transform ); text-decoration: var( --e-global-typography-text-text-decoration ); text-align: var(--text-align);\">Acompa\u00f1amiento emocional: Apoyo y compa\u00f1\u00eda durante el procedimiento para reducir la ansiedad y el estr\u00e9s del paciente.<\/span><\/li><li><span style=\"color: #777777; font-size: 1rem;\">Asistencia pr\u00e1ctica: Ayudamos con tareas pr\u00e1cticas antes, durante y despu\u00e9s del procedimiento, como la preparaci\u00f3n del entorno en el hogar, la asistencia en la movilidad y la organizaci\u00f3n de la log\u00edstica del procedimiento.<\/span><\/li><li><span style=\"color: #777777; font-size: 1rem;\">Comunicaci\u00f3n con el personal m\u00e9dico: Actuar como enlace entre el paciente y el personal m\u00e9dico, ayudando a traducir informaci\u00f3n m\u00e9dica, haciendo preguntas y asegur\u00e1ndose de que el paciente comprenda el proceso.<\/span><\/li><li><span style=\"color: #777777; font-size: 1rem;\">Apoyo postoperatorio: Brindamos cuidado y apoyo despu\u00e9s del procedimiento para facilitar la recuperaci\u00f3n del paciente, seguimiento de las indicaciones m\u00e9dicas y compa\u00f1\u00eda durante la recuperaci\u00f3n.<\/span><\/li><li><span style=\"color: #777777; font-size: 1rem;\">Transporte: Ayudar con el transporte del paciente hacia y desde el lugar donde se realiza el procedimiento m\u00e9dico.<\/span><\/li><li><span style=\"color: #777777; font-size: 1rem;\">Coordinaci\u00f3n de cuidados: Colaboramos con otros profesionales de la salud para garantizar una atenci\u00f3n integral y coordinada.<\/span><\/li><\/ul><p>Es un servicio \u00a0valioso para personas que no tienen familiares o amigos cercanos disponibles para acompa\u00f1arlos durante un procedimiento m\u00e9dico, aAdem\u00e1s, es muy \u00fatil en situaciones en las que el paciente puede sentirse m\u00e1s c\u00f3modo con la compa\u00f1\u00eda de alguien que tenga experiencia en el apoyo emocional y pr\u00e1ctico relacionado con procedimientos m\u00e9dicos.<\/p>\t\t\t\t\t\t\t\t<\/div>\n\t\t\t\t<\/div>\n\t\t\t\t<\/div>\n\t\t\t\t<\/div>\n\t\t<div class=\"elementor-element elementor-element-c99bb85 e-con-full e-flex e-con e-child\" data-id=\"c99bb85\" data-element_type=\"container\">\n\t\t\t\t<\/div>\n\t\t\t\t\t<\/div>\n\t\t\t\t<\/div>\n\t\t<div class=\"elementor-element elementor-element-72365be8 e-flex e-con-boxed e-con e-parent\" data-id=\"72365be8\" data-element_type=\"container\">\n\t\t\t\t\t<div class=\"e-con-inner\">\n\t\t<div class=\"elementor-element elementor-element-2e8b6a95 e-con-full e-flex e-con e-child\" data-id=\"2e8b6a95\" data-element_type=\"container\">\n\t\t\t\t<div class=\"elementor-element elementor-element-5f8f5ed9 elementor-widget elementor-widget-heading\" data-id=\"5f8f5ed9\" data-element_type=\"widget\" data-widget_type=\"heading.default\">\n\t\t\t\t<div class=\"elementor-widget-container\">\n\t\t\t\t\t<h6 class=\"elementor-heading-title elementor-size-default\">Beneficios y experiencias \u00fanicas<\/h6>\t\t\t\t<\/div>\n\t\t\t\t<\/div>\n\t\t\t\t<div class=\"elementor-element elementor-element-5731af1d elementor-widget elementor-widget-heading\" data-id=\"5731af1d\" data-element_type=\"widget\" data-widget_type=\"heading.default\">\n\t\t\t\t<div class=\"elementor-widget-container\">\n\t\t\t\t\t<h2 class=\"elementor-heading-title elementor-size-default\">Nuestros Servicios<\/h2>\t\t\t\t<\/div>\n\t\t\t\t<\/div>\n\t\t\t\t<div class=\"elementor-element elementor-element-5a5cd79a elementor-widget__width-initial elementor-widget-mobile__width-inherit elementor-widget elementor-widget-text-editor\" data-id=\"5a5cd79a\" data-element_type=\"widget\" data-widget_type=\"text-editor.default\">\n\t\t\t\t<div class=\"elementor-widget-container\">\n\t\t\t\t\t\t\t\t\t<p>Entendemos a nuestros pacientes y familias y nos esforzamos cada d\u00eda para que su experiencia durante la atenci\u00f3n sea especial y \u00fanica<\/p>\t\t\t\t\t\t\t\t<\/div>\n\t\t\t\t<\/div>\n\t\t\t\t<div class=\"elementor-element elementor-element-4ad17274 elementor-tablet-align-center elementor-invisible elementor-widget elementor-widget-button\" data-id=\"4ad17274\" data-element_type=\"widget\" data-settings=\"{&quot;_animation&quot;:&quot;fadeIn&quot;}\" data-widget_type=\"button.default\">\n\t\t\t\t<div class=\"elementor-widget-container\">\n\t\t\t\t\t\t\t\t\t<div class=\"elementor-button-wrapper\">\n\t\t\t\t\t<a class=\"elementor-button elementor-size-sm\" role=\"button\">\n\t\t\t\t\t\t<span class=\"elementor-button-content-wrapper\">\n\t\t\t\t\t\t\t\t\t<span class=\"elementor-button-text\">Cont\u00e1ctanos<\/span>\n\t\t\t\t\t<\/span>\n\t\t\t\t\t<\/a>\n\t\t\t\t<\/div>\n\t\t\t\t\t\t\t\t<\/div>\n\t\t\t\t<\/div>\n\t\t\t\t<\/div>\n\t\t<div class=\"elementor-element elementor-element-14433871 e-con-full e-flex e-con e-child\" data-id=\"14433871\" data-element_type=\"container\" data-settings=\"{&quot;background_background&quot;:&quot;classic&quot;}\">\n\t\t\t\t<div class=\"elementor-element elementor-element-3f7925dc elementor-widget elementor-widget-image\" data-id=\"3f7925dc\" data-element_type=\"widget\" data-widget_type=\"image.default\">\n\t\t\t\t<div class=\"elementor-widget-container\">\n\t\t\t\t\t\t\t\t\t\t\t\t\t\t\t<img decoding=\"async\" width=\"1080\" height=\"1080\" src=\"https:\/\/ciclovital.com.co\/wp-content\/uploads\/2024\/01\/2-1.png\" class=\"attachment-full size-full wp-image-156\" alt=\"\" srcset=\"https:\/\/ciclovital.com.co\/wp-content\/uploads\/2024\/01\/2-1.png 1080w, https:\/\/ciclovital.com.co\/wp-content\/uploads\/2024\/01\/2-1-300x300.png 300w, https:\/\/ciclovital.com.co\/wp-content\/uploads\/2024\/01\/2-1-1024x1024.png 1024w, https:\/\/ciclovital.com.co\/wp-content\/uploads\/2024\/01\/2-1-150x150.png 150w, https:\/\/ciclovital.com.co\/wp-content\/uploads\/2024\/01\/2-1-768x768.png 768w, https:\/\/ciclovital.com.co\/wp-content\/uploads\/2024\/01\/2-1-500x500.png 500w\" sizes=\"(max-width: 1080px) 100vw, 1080px\" \/>\t\t\t\t\t\t\t\t\t\t\t\t\t\t\t<\/div>\n\t\t\t\t<\/div>\n\t\t\t\t<div class=\"elementor-element elementor-element-5fef894 elementor-widget elementor-widget-image\" data-id=\"5fef894\" data-element_type=\"widget\" data-widget_type=\"image.default\">\n\t\t\t\t<div class=\"elementor-widget-container\">\n\t\t\t\t\t\t\t\t\t\t\t\t\t\t\t<img decoding=\"async\" width=\"1080\" height=\"1080\" src=\"https:\/\/ciclovital.com.co\/wp-content\/uploads\/2024\/01\/1-1.png\" class=\"attachment-full size-full wp-image-157\" alt=\"\" srcset=\"https:\/\/ciclovital.com.co\/wp-content\/uploads\/2024\/01\/1-1.png 1080w, https:\/\/ciclovital.com.co\/wp-content\/uploads\/2024\/01\/1-1-300x300.png 300w, https:\/\/ciclovital.com.co\/wp-content\/uploads\/2024\/01\/1-1-1024x1024.png 1024w, https:\/\/ciclovital.com.co\/wp-content\/uploads\/2024\/01\/1-1-150x150.png 150w, https:\/\/ciclovital.com.co\/wp-content\/uploads\/2024\/01\/1-1-768x768.png 768w, https:\/\/ciclovital.com.co\/wp-content\/uploads\/2024\/01\/1-1-500x500.png 500w\" sizes=\"(max-width: 1080px) 100vw, 1080px\" \/>\t\t\t\t\t\t\t\t\t\t\t\t\t\t\t<\/div>\n\t\t\t\t<\/div>\n\t\t\t\t<\/div>\n\t\t\t\t\t<\/div>\n\t\t\t\t<\/div>\n\t\t<div class=\"elementor-element elementor-element-81bf45d e-flex e-con-boxed e-con e-parent\" data-id=\"81bf45d\" data-element_type=\"container\">\n\t\t\t\t\t<div class=\"e-con-inner\">\n\t\t\t\t\t<\/div>\n\t\t\t\t<\/div>\n\t\t<div class=\"elementor-element elementor-element-64a7222 e-flex e-con-boxed e-con e-parent\" data-id=\"64a7222\" data-element_type=\"container\">\n\t\t\t\t\t<div class=\"e-con-inner\">\n\t\t\t\t<div class=\"elementor-element elementor-element-59eb753 elementor-widget elementor-widget-image\" data-id=\"59eb753\" data-element_type=\"widget\" data-widget_type=\"image.default\">\n\t\t\t\t<div class=\"elementor-widget-container\">\n\t\t\t\t\t\t\t\t\t\t\t\t\t\t\t<img loading=\"lazy\" decoding=\"async\" width=\"640\" height=\"828\" src=\"https:\/\/ciclovital.com.co\/wp-content\/uploads\/2024\/02\/Medios-de-pago-digital-768x994.png\" class=\"attachment-medium_large size-medium_large wp-image-315\" alt=\"\" srcset=\"https:\/\/ciclovital.com.co\/wp-content\/uploads\/2024\/02\/Medios-de-pago-digital-768x994.png 768w, https:\/\/ciclovital.com.co\/wp-content\/uploads\/2024\/02\/Medios-de-pago-digital-232x300.png 232w, https:\/\/ciclovital.com.co\/wp-content\/uploads\/2024\/02\/Medios-de-pago-digital-791x1024.png 791w, https:\/\/ciclovital.com.co\/wp-content\/uploads\/2024\/02\/Medios-de-pago-digital-1187x1536.png 1187w, https:\/\/ciclovital.com.co\/wp-content\/uploads\/2024\/02\/Medios-de-pago-digital.png 1545w\" sizes=\"(max-width: 640px) 100vw, 640px\" \/>\t\t\t\t\t\t\t\t\t\t\t\t\t\t\t<\/div>\n\t\t\t\t<\/div>\n\t\t\t\t\t<\/div>\n\t\t\t\t<\/div>\n\t\t\t\t<\/div>\n\t\t","protected":false},"excerpt":{"rendered":"<p>Nuestros Servicios CicloVital Acompa\u00f1ando vidas Compa\u00f1\u00eda en Procedimientos M\u00e9dicos Un servicio de compa\u00f1\u00eda para procedimientos m\u00e9dicos es un tipo de asistencia que proporciona apoyo emocional y compa\u00f1\u00eda a personas que necesitan someterse a procedimientos m\u00e9dicos, ya sea en el hogar o en un entorno m\u00e9dico como un hospital o una [&hellip;]<\/p>\n","protected":false},"author":1,"featured_media":0,"parent":0,"menu_order":0,"comment_status":"closed","ping_status":"closed","template":"elementor_header_footer","meta":{"om_disable_all_campaigns":false,"_monsterinsights_skip_tracking":false,"_monsterinsights_sitenote_active":false,"_monsterinsights_sitenote_note":"","_monsterinsights_sitenote_category":0,"_uf_show_specific_survey":0,"_uf_disable_surveys":false,"_joinchat":[],"footnotes":""},"class_list":["post-251","page","type-page","status-publish","hentry"],"aioseo_notices":[],"_links":{"self":[{"href":"https:\/\/ciclovital.com.co\/index.php\/wp-json\/wp\/v2\/pages\/251","targetHints":{"allow":["GET"]}}],"collection":[{"href":"https:\/\/ciclovital.com.co\/index.php\/wp-json\/wp\/v2\/pages"}],"about":[{"href":"https:\/\/ciclovital.com.co\/index.php\/wp-json\/wp\/v2\/types\/page"}],"author":[{"embeddable":true,"href":"https:\/\/ciclovital.com.co\/index.php\/wp-json\/wp\/v2\/users\/1"}],"replies":[{"embeddable":true,"href":"https:\/\/ciclovital.com.co\/index.php\/wp-json\/wp\/v2\/comments?post=251"}],"version-history":[{"count":7,"href":"https:\/\/ciclovital.com.co\/index.php\/wp-json\/wp\/v2\/pages\/251\/revisions"}],"predecessor-version":[{"id":333,"href":"https:\/\/ciclovital.com.co\/index.php\/wp-json\/wp\/v2\/pages\/251\/revisions\/333"}],"wp:attachment":[{"href":"https:\/\/ciclovital.com.co\/index.php\/wp-json\/wp\/v2\/media?parent=251"}],"curies":[{"name":"wp","href":"https:\/\/api.w.org\/{rel}","templated":true}]}}