{"id":285,"date":"2024-02-14T01:45:14","date_gmt":"2024-02-14T01:45:14","guid":{"rendered":"https:\/\/ciclovital.com.co\/?page_id=285"},"modified":"2024-02-28T18:54:53","modified_gmt":"2024-02-28T18:54:53","slug":"servicios-especializados-domiciliarios","status":"publish","type":"page","link":"https:\/\/ciclovital.com.co\/index.php\/servicios-especializados-domiciliarios\/","title":{"rendered":"Servicios especializados domiciliarios"},"content":{"rendered":"\t\t<div data-elementor-type=\"wp-page\" data-elementor-id=\"285\" class=\"elementor elementor-285\">\n\t\t\t\t<div class=\"elementor-element elementor-element-25a8cae7 e-flex e-con-boxed e-con e-parent\" data-id=\"25a8cae7\" data-element_type=\"container\" data-e-type=\"container\">\n\t\t\t\t\t<div class=\"e-con-inner\">\n\t\t<div class=\"elementor-element elementor-element-1163c694 e-con-full e-flex e-con e-child\" data-id=\"1163c694\" data-element_type=\"container\" data-e-type=\"container\">\n\t\t\t\t<div class=\"elementor-element elementor-element-37455a3 elementor-invisible elementor-widget elementor-widget-heading\" data-id=\"37455a3\" data-element_type=\"widget\" data-e-type=\"widget\" data-settings=\"{&quot;_animation&quot;:&quot;fadeIn&quot;}\" data-widget_type=\"heading.default\">\n\t\t\t\t<div class=\"elementor-widget-container\">\n\t\t\t\t\t<h1 class=\"elementor-heading-title elementor-size-default\">Servicios Especializados Domiciliarios<\/h1>\t\t\t\t<\/div>\n\t\t\t\t<\/div>\n\t\t\t\t<div class=\"elementor-element elementor-element-3b43db54 elementor-invisible elementor-widget elementor-widget-heading\" data-id=\"3b43db54\" data-element_type=\"widget\" data-e-type=\"widget\" data-settings=\"{&quot;_animation&quot;:&quot;fadeIn&quot;,&quot;_animation_delay&quot;:400}\" data-widget_type=\"heading.default\">\n\t\t\t\t<div class=\"elementor-widget-container\">\n\t\t\t\t\t<h2 class=\"elementor-heading-title elementor-size-default\">CicloVital Acompa\u00f1ando vidas<\/h2>\t\t\t\t<\/div>\n\t\t\t\t<\/div>\n\t\t\t\t<\/div>\n\t\t\t\t\t<\/div>\n\t\t\t\t<\/div>\n\t\t<div class=\"elementor-element elementor-element-4f8430b3 e-flex e-con-boxed e-con e-parent\" data-id=\"4f8430b3\" data-element_type=\"container\" data-e-type=\"container\">\n\t\t\t\t\t<div class=\"e-con-inner\">\n\t\t<div class=\"elementor-element elementor-element-66c691b4 e-con-full e-flex e-con e-child\" data-id=\"66c691b4\" data-element_type=\"container\" data-e-type=\"container\">\n\t\t<div class=\"elementor-element elementor-element-7cc173af e-con-full e-flex e-con e-child\" data-id=\"7cc173af\" data-element_type=\"container\" data-e-type=\"container\" data-settings=\"{&quot;background_background&quot;:&quot;classic&quot;}\">\n\t\t\t\t<div class=\"elementor-element elementor-element-afd0cff elementor-widget elementor-widget-image\" data-id=\"afd0cff\" data-element_type=\"widget\" data-e-type=\"widget\" data-widget_type=\"image.default\">\n\t\t\t\t<div class=\"elementor-widget-container\">\n\t\t\t\t\t\t\t\t\t\t\t\t\t\t\t<img fetchpriority=\"high\" decoding=\"async\" width=\"640\" height=\"742\" src=\"https:\/\/ciclovital.com.co\/wp-content\/uploads\/2024\/02\/WhatsApp-Image-2024-02-12-at-20.38.13-e1707875050157-883x1024.jpeg\" class=\"attachment-large size-large wp-image-290\" alt=\"\" srcset=\"https:\/\/ciclovital.com.co\/wp-content\/uploads\/2024\/02\/WhatsApp-Image-2024-02-12-at-20.38.13-e1707875050157-883x1024.jpeg 883w, https:\/\/ciclovital.com.co\/wp-content\/uploads\/2024\/02\/WhatsApp-Image-2024-02-12-at-20.38.13-e1707875050157-259x300.jpeg 259w, https:\/\/ciclovital.com.co\/wp-content\/uploads\/2024\/02\/WhatsApp-Image-2024-02-12-at-20.38.13-e1707875050157-768x890.jpeg 768w, https:\/\/ciclovital.com.co\/wp-content\/uploads\/2024\/02\/WhatsApp-Image-2024-02-12-at-20.38.13-e1707875050157.jpeg 960w\" sizes=\"(max-width: 640px) 100vw, 640px\" \/>\t\t\t\t\t\t\t\t\t\t\t\t\t\t\t<\/div>\n\t\t\t\t<\/div>\n\t\t\t\t<\/div>\n\t\t<div class=\"elementor-element elementor-element-591f9b37 e-con-full e-flex e-con e-child\" data-id=\"591f9b37\" data-element_type=\"container\" data-e-type=\"container\">\n\t\t\t\t<div class=\"elementor-element elementor-element-16fa52b6 elementor-widget elementor-widget-heading\" data-id=\"16fa52b6\" data-element_type=\"widget\" data-e-type=\"widget\" data-widget_type=\"heading.default\">\n\t\t\t\t<div class=\"elementor-widget-container\">\n\t\t\t\t\t<h2 class=\"elementor-heading-title elementor-size-default\">Toma de laboratorios<\/h2>\t\t\t\t<\/div>\n\t\t\t\t<\/div>\n\t\t\t\t<div class=\"elementor-element elementor-element-44dfc547 elementor-widget-divider--view-line elementor-widget elementor-widget-divider\" data-id=\"44dfc547\" data-element_type=\"widget\" data-e-type=\"widget\" data-widget_type=\"divider.default\">\n\t\t\t\t<div class=\"elementor-widget-container\">\n\t\t\t\t\t\t\t<div class=\"elementor-divider\">\n\t\t\t<span class=\"elementor-divider-separator\">\n\t\t\t\t\t\t<\/span>\n\t\t<\/div>\n\t\t\t\t\t\t<\/div>\n\t\t\t\t<\/div>\n\t\t\t\t<div class=\"elementor-element elementor-element-648c5f5d elementor-widget elementor-widget-text-editor\" data-id=\"648c5f5d\" data-element_type=\"widget\" data-e-type=\"widget\" data-widget_type=\"text-editor.default\">\n\t\t\t\t<div class=\"elementor-widget-container\">\n\t\t\t\t\t\t\t\t\t<p>La toma de muestras de laboratorio domiciliario permite recoger muestras biol\u00f3gicas en la comodidad del hogar del paciente, evitando desplazamientos y esperas en centros m\u00e9dicos. Un profesional de la salud, debidamente equipado, visita al paciente para recolectar las muestras necesarias, como sangre, orina o tejidos, siguiendo estrictos protocolos de seguridad y conservaci\u00f3n, para su posterior an\u00e1lisis en laboratorio.<\/p>\t\t\t\t\t\t\t\t<\/div>\n\t\t\t\t<\/div>\n\t\t\t\t<\/div>\n\t\t\t\t<\/div>\n\t\t<div class=\"elementor-element elementor-element-4a9cd723 e-con-full e-flex e-con e-child\" data-id=\"4a9cd723\" data-element_type=\"container\" data-e-type=\"container\">\n\t\t<div class=\"elementor-element elementor-element-4172b5af e-con-full e-flex e-con e-child\" data-id=\"4172b5af\" data-element_type=\"container\" data-e-type=\"container\" data-settings=\"{&quot;background_background&quot;:&quot;classic&quot;}\">\n\t\t\t\t<div class=\"elementor-element elementor-element-7d12aca elementor-widget elementor-widget-image\" data-id=\"7d12aca\" data-element_type=\"widget\" data-e-type=\"widget\" data-widget_type=\"image.default\">\n\t\t\t\t<div class=\"elementor-widget-container\">\n\t\t\t\t\t\t\t\t\t\t\t\t\t\t\t<img decoding=\"async\" width=\"640\" height=\"640\" src=\"https:\/\/ciclovital.com.co\/wp-content\/uploads\/2024\/01\/2-1024x1024.png\" class=\"attachment-large size-large wp-image-77\" alt=\"\" srcset=\"https:\/\/ciclovital.com.co\/wp-content\/uploads\/2024\/01\/2-1024x1024.png 1024w, https:\/\/ciclovital.com.co\/wp-content\/uploads\/2024\/01\/2-300x300.png 300w, https:\/\/ciclovital.com.co\/wp-content\/uploads\/2024\/01\/2-150x150.png 150w, https:\/\/ciclovital.com.co\/wp-content\/uploads\/2024\/01\/2-768x768.png 768w, https:\/\/ciclovital.com.co\/wp-content\/uploads\/2024\/01\/2-500x500.png 500w, https:\/\/ciclovital.com.co\/wp-content\/uploads\/2024\/01\/2.png 1080w\" sizes=\"(max-width: 640px) 100vw, 640px\" \/>\t\t\t\t\t\t\t\t\t\t\t\t\t\t\t<\/div>\n\t\t\t\t<\/div>\n\t\t\t\t<\/div>\n\t\t<div class=\"elementor-element elementor-element-563ce5e0 e-con-full e-flex e-con e-child\" data-id=\"563ce5e0\" data-element_type=\"container\" data-e-type=\"container\">\n\t\t\t\t<div class=\"elementor-element elementor-element-756f131e elementor-widget elementor-widget-heading\" data-id=\"756f131e\" data-element_type=\"widget\" data-e-type=\"widget\" data-widget_type=\"heading.default\">\n\t\t\t\t<div class=\"elementor-widget-container\">\n\t\t\t\t\t<h2 class=\"elementor-heading-title elementor-size-default\">Toma de EKG<\/h2>\t\t\t\t<\/div>\n\t\t\t\t<\/div>\n\t\t\t\t<div class=\"elementor-element elementor-element-1c43de5b elementor-widget-divider--view-line elementor-widget elementor-widget-divider\" data-id=\"1c43de5b\" data-element_type=\"widget\" data-e-type=\"widget\" data-widget_type=\"divider.default\">\n\t\t\t\t<div class=\"elementor-widget-container\">\n\t\t\t\t\t\t\t<div class=\"elementor-divider\">\n\t\t\t<span class=\"elementor-divider-separator\">\n\t\t\t\t\t\t<\/span>\n\t\t<\/div>\n\t\t\t\t\t\t<\/div>\n\t\t\t\t<\/div>\n\t\t\t\t<div class=\"elementor-element elementor-element-130cb5b5 elementor-widget elementor-widget-text-editor\" data-id=\"130cb5b5\" data-element_type=\"widget\" data-e-type=\"widget\" data-widget_type=\"text-editor.default\">\n\t\t\t\t<div class=\"elementor-widget-container\">\n\t\t\t\t\t\t\t\t\t<p>La toma de un electrocardiograma (EKG) domiciliario ofrece la conveniencia de realizar este procedimiento card\u00edaco esencial en la casa del paciente. Un t\u00e9cnico especializado visita al paciente llevando el equipo necesario para el EKG, que registra la actividad el\u00e9ctrica del coraz\u00f3n a trav\u00e9s de electrodos colocados en la piel del pecho, brazos y piernas. Este m\u00e9todo facilita la evaluaci\u00f3n card\u00edaca sin la necesidad de visitar un hospital o cl\u00ednica, proporcionando un entorno c\u00f3modo y reduciendo la ansiedad del paciente.<\/p>\t\t\t\t\t\t\t\t<\/div>\n\t\t\t\t<\/div>\n\t\t\t\t<\/div>\n\t\t\t\t<\/div>\n\t\t\t\t\t<\/div>\n\t\t\t\t<\/div>\n\t\t<div class=\"elementor-element elementor-element-81bf45d e-flex e-con-boxed e-con e-parent\" data-id=\"81bf45d\" data-element_type=\"container\" data-e-type=\"container\">\n\t\t\t\t\t<div class=\"e-con-inner\">\n\t\t\t\t\t<\/div>\n\t\t\t\t<\/div>\n\t\t<div class=\"elementor-element elementor-element-8e007c1 e-flex e-con-boxed e-con e-parent\" data-id=\"8e007c1\" data-element_type=\"container\" data-e-type=\"container\">\n\t\t\t\t\t<div class=\"e-con-inner\">\n\t\t\t\t<div class=\"elementor-element elementor-element-cf9b3a7 elementor-widget elementor-widget-image\" data-id=\"cf9b3a7\" data-element_type=\"widget\" data-e-type=\"widget\" data-widget_type=\"image.default\">\n\t\t\t\t<div class=\"elementor-widget-container\">\n\t\t\t\t\t\t\t\t\t\t\t\t\t\t\t<img decoding=\"async\" width=\"640\" height=\"828\" src=\"https:\/\/ciclovital.com.co\/wp-content\/uploads\/2024\/02\/Medios-de-pago-digital-768x994.png\" class=\"attachment-medium_large size-medium_large wp-image-315\" alt=\"\" srcset=\"https:\/\/ciclovital.com.co\/wp-content\/uploads\/2024\/02\/Medios-de-pago-digital-768x994.png 768w, https:\/\/ciclovital.com.co\/wp-content\/uploads\/2024\/02\/Medios-de-pago-digital-232x300.png 232w, https:\/\/ciclovital.com.co\/wp-content\/uploads\/2024\/02\/Medios-de-pago-digital-791x1024.png 791w, https:\/\/ciclovital.com.co\/wp-content\/uploads\/2024\/02\/Medios-de-pago-digital-1187x1536.png 1187w, https:\/\/ciclovital.com.co\/wp-content\/uploads\/2024\/02\/Medios-de-pago-digital.png 1545w\" sizes=\"(max-width: 640px) 100vw, 640px\" \/>\t\t\t\t\t\t\t\t\t\t\t\t\t\t\t<\/div>\n\t\t\t\t<\/div>\n\t\t\t\t\t<\/div>\n\t\t\t\t<\/div>\n\t\t\t\t<\/div>\n\t\t","protected":false},"excerpt":{"rendered":"<p>Servicios Especializados Domiciliarios CicloVital Acompa\u00f1ando vidas Toma de laboratorios La toma de muestras de laboratorio domiciliario permite recoger muestras biol\u00f3gicas en la comodidad del hogar del paciente, evitando desplazamientos y esperas en centros m\u00e9dicos. Un profesional de la salud, debidamente equipado, visita al paciente para recolectar las muestras necesarias, como [&hellip;]<\/p>\n","protected":false},"author":1,"featured_media":0,"parent":0,"menu_order":0,"comment_status":"closed","ping_status":"closed","template":"elementor_header_footer","meta":{"om_disable_all_campaigns":false,"_monsterinsights_skip_tracking":false,"_monsterinsights_sitenote_active":false,"_monsterinsights_sitenote_note":"","_monsterinsights_sitenote_category":0,"_uf_show_specific_survey":0,"_uf_disable_surveys":false,"_joinchat":[],"footnotes":""},"class_list":["post-285","page","type-page","status-publish","hentry"],"aioseo_notices":[],"_links":{"self":[{"href":"https:\/\/ciclovital.com.co\/index.php\/wp-json\/wp\/v2\/pages\/285","targetHints":{"allow":["GET"]}}],"collection":[{"href":"https:\/\/ciclovital.com.co\/index.php\/wp-json\/wp\/v2\/pages"}],"about":[{"href":"https:\/\/ciclovital.com.co\/index.php\/wp-json\/wp\/v2\/types\/page"}],"author":[{"embeddable":true,"href":"https:\/\/ciclovital.com.co\/index.php\/wp-json\/wp\/v2\/users\/1"}],"replies":[{"embeddable":true,"href":"https:\/\/ciclovital.com.co\/index.php\/wp-json\/wp\/v2\/comments?post=285"}],"version-history":[{"count":7,"href":"https:\/\/ciclovital.com.co\/index.php\/wp-json\/wp\/v2\/pages\/285\/revisions"}],"predecessor-version":[{"id":339,"href":"https:\/\/ciclovital.com.co\/index.php\/wp-json\/wp\/v2\/pages\/285\/revisions\/339"}],"wp:attachment":[{"href":"https:\/\/ciclovital.com.co\/index.php\/wp-json\/wp\/v2\/media?parent=285"}],"curies":[{"name":"wp","href":"https:\/\/api.w.org\/{rel}","templated":true}]}}